{"id":855,"date":"2022-10-14T06:43:19","date_gmt":"2022-10-14T06:43:19","guid":{"rendered":"https:\/\/staging.millewnordiskdesign.se\/?page_id=855"},"modified":"2022-11-04T08:22:36","modified_gmt":"2022-11-04T08:22:36","slug":"leveransinformation","status":"publish","type":"page","link":"https:\/\/staging.millewnordiskdesign.se\/en\/leveransinformation\/","title":{"rendered":"Delivery information"},"content":{"rendered":"<div data-elementor-type=\"wp-page\" data-elementor-id=\"855\" class=\"elementor elementor-855\">\n\t\t\t\t\t\t<section class=\"elementor-section elementor-top-section elementor-element elementor-element-3f9c102 elementor-section-boxed elementor-section-height-default elementor-section-height-default\" data-id=\"3f9c102\" data-element_type=\"section\" data-e-type=\"section\">\n\t\t\t\t\t\t<div class=\"elementor-container elementor-column-gap-default\">\n\t\t\t\t\t<div class=\"elementor-column elementor-col-100 elementor-top-column elementor-element elementor-element-a180334\" data-id=\"a180334\" data-element_type=\"column\" data-e-type=\"column\">\n\t\t\t<div class=\"elementor-widget-wrap elementor-element-populated\">\n\t\t\t\t\t\t<div class=\"elementor-element elementor-element-cacca0a elementor-widget__width-auto elementor-widget elementor-widget-heading\" data-id=\"cacca0a\" data-element_type=\"widget\" data-e-type=\"widget\" data-widget_type=\"heading.default\">\n\t\t\t\t<div class=\"elementor-widget-container\">\n\t\t\t\t\t<h2 class=\"elementor-heading-title elementor-size-default\"><a href=\"https:\/\/staging.millewnordiskdesign.se\/en\/\">Hem<\/a><\/h2>\t\t\t\t<\/div>\n\t\t\t\t<\/div>\n\t\t\t\t<div class=\"elementor-element elementor-element-0eb93ec elementor-widget__width-auto elementor-view-default elementor-widget elementor-widget-icon\" data-id=\"0eb93ec\" data-element_type=\"widget\" data-e-type=\"widget\" data-widget_type=\"icon.default\">\n\t\t\t\t<div class=\"elementor-widget-container\">\n\t\t\t\t\t\t\t<div class=\"elementor-icon-wrapper\">\n\t\t\t<div class=\"elementor-icon\">\n\t\t\t<i aria-hidden=\"true\" class=\"fas fa-angle-right\"><\/i>\t\t\t<\/div>\n\t\t<\/div>\n\t\t\t\t\t\t<\/div>\n\t\t\t\t<\/div>\n\t\t\t\t<div class=\"elementor-element elementor-element-4913d91 elementor-widget__width-auto elementor-widget elementor-widget-heading\" data-id=\"4913d91\" data-element_type=\"widget\" data-e-type=\"widget\" data-widget_type=\"heading.default\">\n\t\t\t\t<div class=\"elementor-widget-container\">\n\t\t\t\t\t<h2 class=\"elementor-heading-title elementor-size-default\">Delivery information<\/h2>\t\t\t\t<\/div>\n\t\t\t\t<\/div>\n\t\t\t\t\t<\/div>\n\t\t<\/div>\n\t\t\t\t\t<\/div>\n\t\t<\/section>\n\t\t\t\t<section class=\"elementor-section elementor-top-section elementor-element elementor-element-bcb89d7 elementor-section-boxed elementor-section-height-default elementor-section-height-default\" data-id=\"bcb89d7\" data-element_type=\"section\" data-e-type=\"section\">\n\t\t\t\t\t\t<div class=\"elementor-container elementor-column-gap-default\">\n\t\t\t\t\t<div class=\"elementor-column elementor-col-100 elementor-top-column elementor-element elementor-element-95143e0\" data-id=\"95143e0\" data-element_type=\"column\" data-e-type=\"column\">\n\t\t\t<div class=\"elementor-widget-wrap elementor-element-populated\">\n\t\t\t\t\t\t<div class=\"elementor-element elementor-element-87e4344 elementor-widget elementor-widget-heading\" data-id=\"87e4344\" data-element_type=\"widget\" data-e-type=\"widget\" data-widget_type=\"heading.default\">\n\t\t\t\t<div class=\"elementor-widget-container\">\n\t\t\t\t\t<h2 class=\"elementor-heading-title elementor-size-default\">Delivery information<\/h2>\t\t\t\t<\/div>\n\t\t\t\t<\/div>\n\t\t\t\t<div class=\"elementor-element elementor-element-2939e61 elementor-widget elementor-widget-heading\" data-id=\"2939e61\" data-element_type=\"widget\" data-e-type=\"widget\" data-widget_type=\"heading.default\">\n\t\t\t\t<div class=\"elementor-widget-container\">\n\t\t\t\t\t<h2 class=\"elementor-heading-title elementor-size-default\">Delivery<\/h2>\t\t\t\t<\/div>\n\t\t\t\t<\/div>\n\t\t\t\t<div class=\"elementor-element elementor-element-cfef3a1 elementor-widget elementor-widget-text-editor\" data-id=\"cfef3a1\" data-element_type=\"widget\" data-e-type=\"widget\" data-widget_type=\"text-editor.default\">\n\t\t\t\t<div class=\"elementor-widget-container\">\n\t\t\t\t\t\t\t\t\t<p>We send all our packages with DHL, normal delivery time is 4-6 working days<\/p>\t\t\t\t\t\t\t\t<\/div>\n\t\t\t\t<\/div>\n\t\t\t\t<div class=\"elementor-element elementor-element-4ec575d elementor-widget elementor-widget-heading\" data-id=\"4ec575d\" data-element_type=\"widget\" data-e-type=\"widget\" data-widget_type=\"heading.default\">\n\t\t\t\t<div class=\"elementor-widget-container\">\n\t\t\t\t\t<h2 class=\"elementor-heading-title elementor-size-default\">Item not received<\/h2>\t\t\t\t<\/div>\n\t\t\t\t<\/div>\n\t\t\t\t<div class=\"elementor-element elementor-element-fb88c24 elementor-widget elementor-widget-text-editor\" data-id=\"fb88c24\" data-element_type=\"widget\" data-e-type=\"widget\" data-widget_type=\"text-editor.default\">\n\t\t\t\t<div class=\"elementor-widget-container\">\n\t\t\t\t\t\t\t\t\t<p>We charge SEK 200 for goods not received. If you changed your mind when the package has been sent from us, you must receive the package and send it back to us, otherwise it will be registered as not received and charged automatically.<\/p>\t\t\t\t\t\t\t\t<\/div>\n\t\t\t\t<\/div>\n\t\t\t\t<div class=\"elementor-element elementor-element-7912cea elementor-widget elementor-widget-heading\" data-id=\"7912cea\" data-element_type=\"widget\" data-e-type=\"widget\" data-widget_type=\"heading.default\">\n\t\t\t\t<div class=\"elementor-widget-container\">\n\t\t\t\t\t<h2 class=\"elementor-heading-title elementor-size-default\">Transport damage<\/h2>\t\t\t\t<\/div>\n\t\t\t\t<\/div>\n\t\t\t\t<div class=\"elementor-element elementor-element-eeafea4 elementor-widget elementor-widget-text-editor\" data-id=\"eeafea4\" data-element_type=\"widget\" data-e-type=\"widget\" data-widget_type=\"text-editor.default\">\n\t\t\t\t<div class=\"elementor-widget-container\">\n\t\t\t\t\t\t\t\t\t<p>All packages that leave us are insured. If the package and\/or contents are damaged when you receive it, report it immediately to the location. If you have opened the package and discover damage, contact us via: <span style=\"color: #000000;\"><a style=\"color: #000000;\" href=\"https:\/\/staging.millewnordiskdesign.se\/en\/kontakt\/\">Contact Us<\/a><\/span><\/p><p>\u00a0<\/p><p>When you return goods to us, you bear the transport risk yourself. If the item should arrive damaged, you can send it back to us so we can send you a new product, the cost of shipping in the case of a broken item is covered by us.<\/p>\t\t\t\t\t\t\t\t<\/div>\n\t\t\t\t<\/div>\n\t\t\t\t\t<\/div>\n\t\t<\/div>\n\t\t\t\t\t<\/div>\n\t\t<\/section>\n\t\t\t\t<\/div>","protected":false},"excerpt":{"rendered":"<p>Hem Leveransinformation Leveransinformation Leverans Vi skickar alla v\u00e5ra paket med DHL, normal leveranstid \u00e4r 4-6 arbetsdagar. Ej mottagen vara Vi debiterar 200 kronor f\u00f6r ej mottagna varor. Om du \u00e5ngrat dig n\u00e4r paketet har skickats fr\u00e5n oss m\u00e5ste du ta emot paketet och skicka tillbaka det till oss, annars blir det registrerat som ej mottaget [&hellip;]<\/p>\n","protected":false},"author":1,"featured_media":0,"parent":0,"menu_order":0,"comment_status":"closed","ping_status":"closed","template":"","meta":{"_seopress_robots_primary_cat":"","_seopress_titles_title":"","_seopress_titles_desc":"","_seopress_robots_index":"","footnotes":""},"class_list":["post-855","page","type-page","status-publish","hentry"],"_links":{"self":[{"href":"https:\/\/staging.millewnordiskdesign.se\/en\/wp-json\/wp\/v2\/pages\/855","targetHints":{"allow":["GET"]}}],"collection":[{"href":"https:\/\/staging.millewnordiskdesign.se\/en\/wp-json\/wp\/v2\/pages"}],"about":[{"href":"https:\/\/staging.millewnordiskdesign.se\/en\/wp-json\/wp\/v2\/types\/page"}],"author":[{"embeddable":true,"href":"https:\/\/staging.millewnordiskdesign.se\/en\/wp-json\/wp\/v2\/users\/1"}],"replies":[{"embeddable":true,"href":"https:\/\/staging.millewnordiskdesign.se\/en\/wp-json\/wp\/v2\/comments?post=855"}],"version-history":[{"count":55,"href":"https:\/\/staging.millewnordiskdesign.se\/en\/wp-json\/wp\/v2\/pages\/855\/revisions"}],"predecessor-version":[{"id":1946,"href":"https:\/\/staging.millewnordiskdesign.se\/en\/wp-json\/wp\/v2\/pages\/855\/revisions\/1946"}],"wp:attachment":[{"href":"https:\/\/staging.millewnordiskdesign.se\/en\/wp-json\/wp\/v2\/media?parent=855"}],"curies":[{"name":"wp","href":"https:\/\/api.w.org\/{rel}","templated":true}]}}